{"id":134,"date":"2025-02-11T05:49:03","date_gmt":"2025-02-11T04:49:03","guid":{"rendered":"https:\/\/25x3.de\/b-03\/News\/?page_id=134"},"modified":"2025-06-05T01:54:13","modified_gmt":"2025-06-04T23:54:13","slug":"juli-2024-unsere-schuljahresabschlussfahrt","status":"publish","type":"page","link":"https:\/\/balance-seilershof.de\/News\/juli-2024-unsere-schuljahresabschlussfahrt\/","title":{"rendered":"Juli 2024: Unsere Schuljahresabschlussfahrt"},"content":{"rendered":"\n<div class=\"wp-block-columns has-border-color has-base-2-background-color has-background is-layout-flex wp-container-core-columns-is-layout-28f84493 wp-block-columns-is-layout-flex\" style=\"border-color:#b6f9a6\">\n<div class=\"wp-block-column is-layout-flow wp-block-column-is-layout-flow\">\n<div class=\"wp-block-media-text has-media-on-the-right is-stacked-on-mobile\"><div class=\"wp-block-media-text__content\">\n<p>Die Oberschule \u201eAn der Polz&#8220; f\u00fchrte eine sch\u00f6ne Fahrt zum Waldhof in Zootzen bei F\u00fcrstenberg durch. Am ersten Tag ging es gleich los mit einer Kanutour \u00fcber den Stolpsee. Wir hatten viel Spa\u00df, obwohl am Ende auch schon Regen aufzog.<\/p>\n<\/div><figure class=\"wp-block-media-text__media\"><img loading=\"lazy\" decoding=\"async\" width=\"600\" height=\"800\" src=\"https:\/\/balance-seilershof.de\/News\/wp-content\/uploads\/2025\/02\/gemeinnuetzige-gesellschaft-partner-balance-600x-800.jpg\" alt=\"text5\" class=\"wp-image-202 size-full\" srcset=\"https:\/\/balance-seilershof.de\/News\/wp-content\/uploads\/2025\/02\/gemeinnuetzige-gesellschaft-partner-balance-600x-800.jpg 600w, https:\/\/balance-seilershof.de\/News\/wp-content\/uploads\/2025\/02\/gemeinnuetzige-gesellschaft-partner-balance-600x-800-225x300.jpg 225w\" sizes=\"auto, (max-width: 600px) 100vw, 600px\" \/><\/figure><\/div>\n\n\n\n<div class=\"wp-block-media-text is-stacked-on-mobile\"><figure class=\"wp-block-media-text__media\"><img loading=\"lazy\" decoding=\"async\" width=\"1024\" height=\"683\" src=\"https:\/\/balance-seilershof.de\/News\/wp-content\/uploads\/2025\/02\/balance-gemeinnuetzige-partner-gesellschaft-1280x-854-1024x683.jpg\" alt=\"text2\" class=\"wp-image-174 size-full\" srcset=\"https:\/\/balance-seilershof.de\/News\/wp-content\/uploads\/2025\/02\/balance-gemeinnuetzige-partner-gesellschaft-1280x-854-1024x683.jpg 1024w, https:\/\/balance-seilershof.de\/News\/wp-content\/uploads\/2025\/02\/balance-gemeinnuetzige-partner-gesellschaft-1280x-854-300x200.jpg 300w, https:\/\/balance-seilershof.de\/News\/wp-content\/uploads\/2025\/02\/balance-gemeinnuetzige-partner-gesellschaft-1280x-854-768x512.jpg 768w, https:\/\/balance-seilershof.de\/News\/wp-content\/uploads\/2025\/02\/balance-gemeinnuetzige-partner-gesellschaft-1280x-854.jpg 1280w\" sizes=\"auto, (max-width: 1024px) 100vw, 1024px\" \/><\/figure><div class=\"wp-block-media-text__content\">\n<p> Danach gab es eine selbstgemachte Soljanka, die super schmeckte. Nach dem Mittagessen haben wir mit einer J\u00e4gerin eine Wanderung durch den Wald gemacht, zwar mit Dauerregen, aber es war trotzdem interessant. Am Abend, nach dem Grillen, haben wir uns k\u00f6rperlich und mit dem Kopf angestrengt und in zwei Gruppen je ein Flo\u00df gebaut, was auch super gehalten hat. Das war ein sehr sch\u00f6nes Erlebnis.<\/p>\n<\/div><\/div>\n\n\n\n<p>Wir haben auch noch Fu\u00dfball, Basketball und Karten gespielt und so den Tag ausklingen lassen. Am n\u00e4chsten Morgen bereiteten wir uns nach dem Fr\u00fchst\u00fcck auf eine Wanderung zur\u00fcck zum Haus &#8222;An der Polz&#8220; vor. Das wurde sehr anstrengend, aber als wir dort ankamen, waren wir alle froh und stolz.<\/p>\n\n\n\n<div class=\"wp-block-media-text has-media-on-the-right is-stacked-on-mobile\"><div class=\"wp-block-media-text__content\">\n<p>War &#8217;ne sch\u00f6ne Zeit und wir m\u00f6chten uns bei Ronny und der restlichen Crew des Waldhof Zootzen recht herzlich bedanken!<\/p>\n\n\n\n<p class=\"has-text-align-center\">Emely G.(Sch\u00fclerin)<\/p>\n<\/div><figure class=\"wp-block-media-text__media\"><img loading=\"lazy\" decoding=\"async\" width=\"400\" height=\"400\" src=\"https:\/\/balance-seilershof.de\/News\/wp-content\/uploads\/2025\/02\/balance-eltern-jugendlichen-400-400x.jpg\" alt=\"text3\" class=\"wp-image-103 size-full\" srcset=\"https:\/\/balance-seilershof.de\/News\/wp-content\/uploads\/2025\/02\/balance-eltern-jugendlichen-400-400x.jpg 400w, https:\/\/balance-seilershof.de\/News\/wp-content\/uploads\/2025\/02\/balance-eltern-jugendlichen-400-400x-300x300.jpg 300w, https:\/\/balance-seilershof.de\/News\/wp-content\/uploads\/2025\/02\/balance-eltern-jugendlichen-400-400x-150x150.jpg 150w\" sizes=\"auto, (max-width: 400px) 100vw, 400px\" \/><\/figure><\/div>\n<\/div>\n<\/div>\n\n\n\n<div class=\"wp-block-columns are-vertically-aligned-center is-layout-flex wp-container-core-columns-is-layout-28f84493 wp-block-columns-is-layout-flex\">\n<div class=\"wp-block-column is-vertically-aligned-center is-layout-flow wp-block-column-is-layout-flow\">\n<div class=\"wp-block-buttons is-content-justification-center is-layout-flex wp-container-core-buttons-is-layout-a89b3969 wp-block-buttons-is-layout-flex\">\n<div class=\"wp-block-button is-style-outline is-style-outline--1\"><a class=\"wp-block-button__link has-custom-color-1-color has-base-2-background-color has-text-color has-background has-link-color wp-element-button\" href=\"\/News\/#news_start\" style=\"border-top-color:var(--wp--preset--color--custom-color-2);border-top-width:2px;border-right-color:var(--wp--preset--color--custom-color-1);border-right-width:2px;border-bottom-color:var(--wp--preset--color--custom-color-1);border-bottom-width:2px;border-left-color:var(--wp--preset--color--custom-color-2);border-left-width:2px\">Zur\u00fcck<\/a><\/div>\n<\/div>\n<\/div>\n<\/div>\n\n\n\n<p><\/p>\n","protected":false},"excerpt":{"rendered":"<p>Die Oberschule \u201eAn der Polz&#8220; f\u00fchrte eine sch\u00f6ne Fahrt zum Waldhof in Zootzen bei F\u00fcrstenberg durch. Am ersten Tag ging es gleich los mit einer Kanutour \u00fcber den Stolpsee. Wir hatten viel Spa\u00df, obwohl am Ende auch schon Regen aufzog. Danach gab es eine selbstgemachte Soljanka, die super schmeckte. Nach dem Mittagessen haben wir mit [&hellip;]<\/p>\n","protected":false},"author":1,"featured_media":0,"parent":0,"menu_order":0,"comment_status":"closed","ping_status":"closed","template":"","meta":{"footnotes":""},"class_list":["post-134","page","type-page","status-publish","hentry"],"_links":{"self":[{"href":"https:\/\/balance-seilershof.de\/News\/wp-json\/wp\/v2\/pages\/134","targetHints":{"allow":["GET"]}}],"collection":[{"href":"https:\/\/balance-seilershof.de\/News\/wp-json\/wp\/v2\/pages"}],"about":[{"href":"https:\/\/balance-seilershof.de\/News\/wp-json\/wp\/v2\/types\/page"}],"author":[{"embeddable":true,"href":"https:\/\/balance-seilershof.de\/News\/wp-json\/wp\/v2\/users\/1"}],"replies":[{"embeddable":true,"href":"https:\/\/balance-seilershof.de\/News\/wp-json\/wp\/v2\/comments?post=134"}],"version-history":[{"count":7,"href":"https:\/\/balance-seilershof.de\/News\/wp-json\/wp\/v2\/pages\/134\/revisions"}],"predecessor-version":[{"id":519,"href":"https:\/\/balance-seilershof.de\/News\/wp-json\/wp\/v2\/pages\/134\/revisions\/519"}],"wp:attachment":[{"href":"https:\/\/balance-seilershof.de\/News\/wp-json\/wp\/v2\/media?parent=134"}],"curies":[{"name":"wp","href":"https:\/\/api.w.org\/{rel}","templated":true}]}}