{"id":143,"date":"2025-02-11T16:57:25","date_gmt":"2025-02-11T15:57:25","guid":{"rendered":"https:\/\/25x3.de\/b-03\/News\/?page_id=143"},"modified":"2025-06-05T01:55:54","modified_gmt":"2025-06-04T23:55:54","slug":"mai-2024-umbau-unserer-ausbildungskueche","status":"publish","type":"page","link":"https:\/\/balance-seilershof.de\/News\/mai-2024-umbau-unserer-ausbildungskueche\/","title":{"rendered":"Mai 2024: Umbau unserer Ausbildungsk\u00fcche"},"content":{"rendered":"\n<div class=\"wp-block-columns has-base-2-background-color has-background is-layout-flex wp-container-core-columns-is-layout-07b7b7eb wp-block-columns-is-layout-flex\" style=\"padding-top:0;padding-right:0;padding-bottom:0;padding-left:0\">\n<div class=\"wp-block-column is-vertically-aligned-center has-border-color is-layout-flow wp-block-column-is-layout-flow\" style=\"border-color:#b6f9a6;padding-top:var(--wp--preset--spacing--10);padding-right:var(--wp--preset--spacing--10);padding-bottom:var(--wp--preset--spacing--10);padding-left:var(--wp--preset--spacing--10)\">\n<p>Unsere in die Jahre gekommene Ausbildungsk\u00fcche wird zur Zeit auf den neuesten Stand gebracht. Am 5. Mai 2024 haben wir unsere Ausbildungsk\u00fcche ausger\u00e4umt. Seitdem wird in einem Eventzelt gekocht.<\/p>\n\n\n\n<figure class=\"wp-block-image size-full\" style=\"margin-right:var(--wp--preset--spacing--60);margin-left:var(--wp--preset--spacing--60)\"><img loading=\"lazy\" decoding=\"async\" width=\"482\" height=\"265\" src=\"https:\/\/25x3.de\/b-03\/News\/wp-content\/uploads\/2025\/02\/jugendhilfeeinrichtung-brandenburg-psychologische-therapie-ausbildungskueche-482-265.jpg\" alt=\"text1\" class=\"wp-image-149\" srcset=\"https:\/\/balance-seilershof.de\/News\/wp-content\/uploads\/2025\/02\/jugendhilfeeinrichtung-brandenburg-psychologische-therapie-ausbildungskueche-482-265.jpg 482w, https:\/\/balance-seilershof.de\/News\/wp-content\/uploads\/2025\/02\/jugendhilfeeinrichtung-brandenburg-psychologische-therapie-ausbildungskueche-482-265-300x165.jpg 300w\" sizes=\"auto, (max-width: 482px) 100vw, 482px\" \/><\/figure>\n\n\n\n<div class=\"wp-block-media-text is-stacked-on-mobile\"><figure class=\"wp-block-media-text__media\"><img loading=\"lazy\" decoding=\"async\" width=\"500\" height=\"280\" src=\"https:\/\/25x3.de\/b-03\/News\/wp-content\/uploads\/2025\/02\/jugendhilfeeinrichtung-brandenburg-therapie-ausbildungskueche-psychologische-500-280.jpg\" alt=\"text2\" class=\"wp-image-150 size-full\" srcset=\"https:\/\/balance-seilershof.de\/News\/wp-content\/uploads\/2025\/02\/jugendhilfeeinrichtung-brandenburg-therapie-ausbildungskueche-psychologische-500-280.jpg 500w, https:\/\/balance-seilershof.de\/News\/wp-content\/uploads\/2025\/02\/jugendhilfeeinrichtung-brandenburg-therapie-ausbildungskueche-psychologische-500-280-300x168.jpg 300w\" sizes=\"auto, (max-width: 500px) 100vw, 500px\" \/><\/figure><div class=\"wp-block-media-text__content\">\n<p>F\u00fcr die Jugendlichen und AusbilderInnen hat sich vom Ablauf nichts ver\u00e4ndert, au\u00dfer dass nun weitere Wege zur\u00fcckzulegen sind. Die Jugendlichen und MitarbeiterInnen sind weiterhin mit viel Spa\u00df bei der Arbeit und f\u00fchlen sich selbst unter diesen Bedingungen und der anderen Arbeitsatmosph\u00e4re wohl.<\/p>\n<\/div><\/div>\n\n\n\n<p>Mit dem Ferienbeginn werden die Jugendlichen nicht nur im Eventzelt kochen, sondern dann auch darin die Mahlzeiten zu sich nehmen.<br>Ab diesem Zeitpunkt wird nicht nur die Ausbildungsk\u00fcche, sondern auch der Speisesaal renoviert.<\/p>\n\n\n\n<div class=\"wp-block-media-text is-stacked-on-mobile\"><figure class=\"wp-block-media-text__media\"><img loading=\"lazy\" decoding=\"async\" width=\"400\" height=\"370\" src=\"https:\/\/25x3.de\/b-03\/News\/wp-content\/uploads\/2025\/02\/jugendhilfeeinrichtung-brandenburg-psychologische-therapie-ausbildungskueche-400-370.jpg\" alt=\"text3\" class=\"wp-image-148 size-full\" srcset=\"https:\/\/balance-seilershof.de\/News\/wp-content\/uploads\/2025\/02\/jugendhilfeeinrichtung-brandenburg-psychologische-therapie-ausbildungskueche-400-370.jpg 400w, https:\/\/balance-seilershof.de\/News\/wp-content\/uploads\/2025\/02\/jugendhilfeeinrichtung-brandenburg-psychologische-therapie-ausbildungskueche-400-370-300x278.jpg 300w\" sizes=\"auto, (max-width: 400px) 100vw, 400px\" \/><\/figure><div class=\"wp-block-media-text__content\">\n<p>Wir freuen uns alle auf die besseren, modernsten Ausbildungs- und Arbeitsbedingungen und werden weiter berichten.<br>Wir gehen davon aus, dass die Bauma\u00dfnahmen Ende August 2024 abgeschlossen sein werden.<\/p>\n<\/div><\/div>\n<\/div>\n<\/div>\n\n\n\n<div class=\"wp-block-columns are-vertically-aligned-center is-layout-flex wp-container-core-columns-is-layout-28f84493 wp-block-columns-is-layout-flex\">\n<div class=\"wp-block-column is-vertically-aligned-center is-layout-flow wp-block-column-is-layout-flow\">\n<div class=\"wp-block-buttons is-content-justification-center is-layout-flex wp-container-core-buttons-is-layout-a89b3969 wp-block-buttons-is-layout-flex\">\n<div class=\"wp-block-button is-style-outline is-style-outline--1\"><a class=\"wp-block-button__link has-custom-color-1-color has-base-2-background-color has-text-color has-background has-link-color wp-element-button\" href=\"\/News\/#news_start\" style=\"border-top-color:var(--wp--preset--color--custom-color-2);border-top-width:2px;border-right-color:var(--wp--preset--color--custom-color-1);border-right-width:2px;border-bottom-color:var(--wp--preset--color--custom-color-1);border-bottom-width:2px;border-left-color:var(--wp--preset--color--custom-color-2);border-left-width:2px\">Zur\u00fcck<\/a><\/div>\n<\/div>\n<\/div>\n<\/div>\n","protected":false},"excerpt":{"rendered":"<p>Unsere in die Jahre gekommene Ausbildungsk\u00fcche wird zur Zeit auf den neuesten Stand gebracht. Am 5. Mai 2024 haben wir unsere Ausbildungsk\u00fcche ausger\u00e4umt. Seitdem wird in einem Eventzelt gekocht. F\u00fcr die Jugendlichen und AusbilderInnen hat sich vom Ablauf nichts ver\u00e4ndert, au\u00dfer dass nun weitere Wege zur\u00fcckzulegen sind. Die Jugendlichen und MitarbeiterInnen sind weiterhin mit viel [&hellip;]<\/p>\n","protected":false},"author":1,"featured_media":0,"parent":0,"menu_order":0,"comment_status":"closed","ping_status":"closed","template":"","meta":{"footnotes":""},"class_list":["post-143","page","type-page","status-publish","hentry"],"_links":{"self":[{"href":"https:\/\/balance-seilershof.de\/News\/wp-json\/wp\/v2\/pages\/143","targetHints":{"allow":["GET"]}}],"collection":[{"href":"https:\/\/balance-seilershof.de\/News\/wp-json\/wp\/v2\/pages"}],"about":[{"href":"https:\/\/balance-seilershof.de\/News\/wp-json\/wp\/v2\/types\/page"}],"author":[{"embeddable":true,"href":"https:\/\/balance-seilershof.de\/News\/wp-json\/wp\/v2\/users\/1"}],"replies":[{"embeddable":true,"href":"https:\/\/balance-seilershof.de\/News\/wp-json\/wp\/v2\/comments?post=143"}],"version-history":[{"count":3,"href":"https:\/\/balance-seilershof.de\/News\/wp-json\/wp\/v2\/pages\/143\/revisions"}],"predecessor-version":[{"id":521,"href":"https:\/\/balance-seilershof.de\/News\/wp-json\/wp\/v2\/pages\/143\/revisions\/521"}],"wp:attachment":[{"href":"https:\/\/balance-seilershof.de\/News\/wp-json\/wp\/v2\/media?parent=143"}],"curies":[{"name":"wp","href":"https:\/\/api.w.org\/{rel}","templated":true}]}}