{"id":187,"date":"2025-02-12T16:54:18","date_gmt":"2025-02-12T15:54:18","guid":{"rendered":"https:\/\/25x3.de\/b-03\/News\/?page_id=187"},"modified":"2025-06-05T01:57:08","modified_gmt":"2025-06-04T23:57:08","slug":"september-2023-wir-feiern-unser-27-jahresfest","status":"publish","type":"page","link":"https:\/\/balance-seilershof.de\/News\/september-2023-wir-feiern-unser-27-jahresfest\/","title":{"rendered":"September 2023: Wir feiern unser 27. Jahresfest"},"content":{"rendered":"\n<div class=\"wp-block-columns has-border-color has-custom-color-2-border-color has-base-2-background-color has-background is-layout-flex wp-container-core-columns-is-layout-28f84493 wp-block-columns-is-layout-flex\">\n<div class=\"wp-block-column is-layout-flow wp-block-column-is-layout-flow\">\n<h1 class=\"wp-block-heading has-custom-color-1-color has-base-2-background-color has-text-color has-background has-link-color has-system-sans-serif-font-family has-large-font-size wp-elements-fc657c45c1cf484cdaeadd4fcdca03ee\" style=\"padding-top:10px;padding-right:10px;padding-bottom:10px;padding-left:10px\">Wir feiern unser 27. Jahresfest am Samstag, den 2. September 2023 in der Zeit von 14:30 bis 20:00 Uhr und m\u00f6chten Sie dazu herzlich einladen.<\/h1>\n\n\n\n<h4 class=\"wp-block-heading has-base-2-background-color has-background has-system-sans-serif-font-family\" style=\"padding-top:10px;padding-right:10px;padding-bottom:10px;padding-left:10px\">Unser Programm:<\/h4>\n\n\n\n<ul class=\"wp-block-list\">\n<li>14:30 Uhr Eintreffen der G\u00e4ste<\/li>\n\n\n\n<li>15:00 Uhr Begr\u00fc\u00dfung und Er\u00f6ffnung, gemeinsames Kaffee trinken<\/li>\n\n\n\n<li>ab 16:30 Uhr lassen Sie sich bitte \u00fcberraschen, was die Jugendlichen und Mitarbeiter_innen an Aktivit\u00e4ten im Kinosaal und auf dem Gel\u00e4nde vorbereitet haben.<\/li>\n\n\n\n<li>18:00 Uhr Abendessen<\/li>\n\n\n\n<li>20:00 Uhr Ende der Veranstaltung<\/li>\n\n\n\n<li>Wie immer wird es viele Gelegenheiten geben, dass wir miteinander reden k\u00f6nnen.<\/li>\n\n\n\n<li>Wir freuen uns auf Sie und bitten um telefonische R\u00fcckmeldung bis zum 25.08.2023 , ob und mit wie viel en Personen Sie kommen werden.<\/li>\n\n\n\n<li>Um 14:30 Uhr steht in Gransee am Bahnhof ein Shuttle zur Verf\u00fcgung. (Um Anmeldung wird gebeten)<\/li>\n<\/ul>\n\n\n\n<p class=\"has-text-align-center\"><strong>Mit freundlichen Gr\u00fc\u00dfen<\/strong><\/p>\n\n\n\n<p class=\"has-text-align-center\"><strong>Wir von der Polz<\/strong><\/p>\n\n\n\n<div class=\"wp-block-columns are-vertically-aligned-center is-layout-flex wp-container-core-columns-is-layout-28f84493 wp-block-columns-is-layout-flex\">\n<div class=\"wp-block-column is-vertically-aligned-center is-layout-flow wp-block-column-is-layout-flow\">\n<figure class=\"wp-block-image aligncenter size-full\"><img loading=\"lazy\" decoding=\"async\" width=\"678\" height=\"960\" src=\"https:\/\/25x3.de\/b-03\/News\/wp-content\/uploads\/2025\/02\/balance-jugendhilfeeinrichtung-psychologische-678-960.jpg\" alt=\"text1\" class=\"wp-image-189\" srcset=\"https:\/\/balance-seilershof.de\/News\/wp-content\/uploads\/2025\/02\/balance-jugendhilfeeinrichtung-psychologische-678-960.jpg 678w, https:\/\/balance-seilershof.de\/News\/wp-content\/uploads\/2025\/02\/balance-jugendhilfeeinrichtung-psychologische-678-960-212x300.jpg 212w\" sizes=\"auto, (max-width: 678px) 100vw, 678px\" \/><\/figure>\n<\/div>\n<\/div>\n<\/div>\n<\/div>\n\n\n\n<div class=\"wp-block-columns are-vertically-aligned-center is-layout-flex wp-container-core-columns-is-layout-28f84493 wp-block-columns-is-layout-flex\">\n<div class=\"wp-block-column is-vertically-aligned-center is-layout-flow wp-block-column-is-layout-flow\">\n<div class=\"wp-block-buttons is-content-justification-center is-layout-flex wp-container-core-buttons-is-layout-a89b3969 wp-block-buttons-is-layout-flex\">\n<div class=\"wp-block-button is-style-outline is-style-outline--1\"><a class=\"wp-block-button__link has-custom-color-1-color has-base-2-background-color has-text-color has-background has-link-color wp-element-button\" href=\"https:\/\/balance-seilershof.de\/News\/\" style=\"border-top-color:var(--wp--preset--color--custom-color-2);border-top-width:2px;border-right-color:var(--wp--preset--color--custom-color-1);border-right-width:2px;border-bottom-color:var(--wp--preset--color--custom-color-1);border-bottom-width:2px;border-left-color:var(--wp--preset--color--custom-color-2);border-left-width:2px\">Zur\u00fcck<\/a><\/div>\n<\/div>\n<\/div>\n<\/div>\n","protected":false},"excerpt":{"rendered":"<p>Wir feiern unser 27. Jahresfest am Samstag, den 2. September 2023 in der Zeit von 14:30 bis 20:00 Uhr und m\u00f6chten Sie dazu herzlich einladen. Unser Programm: Mit freundlichen Gr\u00fc\u00dfen Wir von der Polz<\/p>\n","protected":false},"author":1,"featured_media":0,"parent":0,"menu_order":0,"comment_status":"closed","ping_status":"closed","template":"","meta":{"footnotes":""},"class_list":["post-187","page","type-page","status-publish","hentry"],"_links":{"self":[{"href":"https:\/\/balance-seilershof.de\/News\/wp-json\/wp\/v2\/pages\/187","targetHints":{"allow":["GET"]}}],"collection":[{"href":"https:\/\/balance-seilershof.de\/News\/wp-json\/wp\/v2\/pages"}],"about":[{"href":"https:\/\/balance-seilershof.de\/News\/wp-json\/wp\/v2\/types\/page"}],"author":[{"embeddable":true,"href":"https:\/\/balance-seilershof.de\/News\/wp-json\/wp\/v2\/users\/1"}],"replies":[{"embeddable":true,"href":"https:\/\/balance-seilershof.de\/News\/wp-json\/wp\/v2\/comments?post=187"}],"version-history":[{"count":9,"href":"https:\/\/balance-seilershof.de\/News\/wp-json\/wp\/v2\/pages\/187\/revisions"}],"predecessor-version":[{"id":522,"href":"https:\/\/balance-seilershof.de\/News\/wp-json\/wp\/v2\/pages\/187\/revisions\/522"}],"wp:attachment":[{"href":"https:\/\/balance-seilershof.de\/News\/wp-json\/wp\/v2\/media?parent=187"}],"curies":[{"name":"wp","href":"https:\/\/api.w.org\/{rel}","templated":true}]}}