{"id":96,"date":"2025-02-10T05:36:42","date_gmt":"2025-02-10T04:36:42","guid":{"rendered":"https:\/\/25x3.de\/b-03\/News\/?page_id=96"},"modified":"2025-06-05T01:52:43","modified_gmt":"2025-06-04T23:52:43","slug":"abschluss-des-therapiejahres-2024","status":"publish","type":"page","link":"https:\/\/balance-seilershof.de\/News\/abschluss-des-therapiejahres-2024\/","title":{"rendered":"Juli 2024: Abschluss des Therapiejahres"},"content":{"rendered":"\n<div class=\"wp-block-columns alignwide has-border-color has-base-2-background-color has-background is-layout-flex wp-container-core-columns-is-layout-28f84493 wp-block-columns-is-layout-flex\" style=\"border-color:#b6f9a6\">\n<div class=\"wp-block-column is-vertically-aligned-center has-global-padding is-content-justification-center is-layout-constrained wp-block-column-is-layout-constrained\" style=\"flex-basis:100%\">\n<div class=\"wp-block-group alignwide is-vertical is-layout-flex wp-container-core-group-is-layout-fe9cc265 wp-block-group-is-layout-flex\">\n<figure class=\"wp-block-image alignwide size-large\"><img loading=\"lazy\" decoding=\"async\" width=\"1024\" height=\"477\" src=\"https:\/\/25x3.de\/b-03\/News\/wp-content\/uploads\/2025\/02\/balance-gemeinnuetzige-gesellschaft-1920x800-1-1024x477.jpg\" alt=\"text1\" class=\"wp-image-98\" srcset=\"https:\/\/balance-seilershof.de\/News\/wp-content\/uploads\/2025\/02\/balance-gemeinnuetzige-gesellschaft-1920x800-1-1024x477.jpg 1024w, https:\/\/balance-seilershof.de\/News\/wp-content\/uploads\/2025\/02\/balance-gemeinnuetzige-gesellschaft-1920x800-1-300x140.jpg 300w, https:\/\/balance-seilershof.de\/News\/wp-content\/uploads\/2025\/02\/balance-gemeinnuetzige-gesellschaft-1920x800-1-768x358.jpg 768w, https:\/\/balance-seilershof.de\/News\/wp-content\/uploads\/2025\/02\/balance-gemeinnuetzige-gesellschaft-1920x800-1.jpg 1280w\" sizes=\"auto, (max-width: 1024px) 100vw, 1024px\" \/><\/figure>\n\n\n\n<p class=\"has-system-sans-serif-font-family\">Wie in jedem Jahr nahmen neben vielen Mitarbeiter_innen unserer Einrichtung auch Eltern der Jugendlichen, deren Zeit in unserer Einrichtung mit der Zeugnis\u00fcbergabe zu Ende geht, an der Veranstaltung teil.<\/p>\n\n\n\n<div class=\"wp-block-group is-content-justification-center is-nowrap is-layout-flex wp-container-core-group-is-layout-23441af8 wp-block-group-is-layout-flex\">\n<div class=\"wp-block-columns is-layout-flex wp-container-core-columns-is-layout-28f84493 wp-block-columns-is-layout-flex\">\n<div class=\"wp-block-column is-vertically-aligned-center is-layout-flow wp-block-column-is-layout-flow\" style=\"flex-basis:40%\">\n<figure class=\"wp-block-image size-full\"><img loading=\"lazy\" decoding=\"async\" width=\"400\" height=\"400\" src=\"https:\/\/25x3.de\/b-03\/News\/wp-content\/uploads\/2025\/02\/balance-eltern-jugendlichen-400-400x.jpg\" alt=\"text3\" class=\"wp-image-103\" style=\"object-fit:cover\" srcset=\"https:\/\/balance-seilershof.de\/News\/wp-content\/uploads\/2025\/02\/balance-eltern-jugendlichen-400-400x.jpg 400w, https:\/\/balance-seilershof.de\/News\/wp-content\/uploads\/2025\/02\/balance-eltern-jugendlichen-400-400x-300x300.jpg 300w, https:\/\/balance-seilershof.de\/News\/wp-content\/uploads\/2025\/02\/balance-eltern-jugendlichen-400-400x-150x150.jpg 150w\" sizes=\"auto, (max-width: 400px) 100vw, 400px\" \/><\/figure>\n<\/div>\n\n\n\n<div class=\"wp-block-column is-layout-flow wp-block-column-is-layout-flow\" style=\"flex-basis:60%\">\n<p>Es gab viele ber\u00fchrende Situationen, Tr\u00e4nen auch. Es wurde gemeinsam zur\u00fcckgeschaut, ermutigt und gedankt. Vor allem die uns nach langer Zeit verlassenden jungen Menschen lie\u00dfen noch einmal die eine oder andere Situation Revue passieren, Krisen waren nat\u00fcrlich auch dabei, vor allem aber auch die Erfahrung, wertvoll zu sein und es aus eigener Kraft schaffen zu k\u00f6nnen.<\/p>\n<\/div>\n<\/div>\n<\/div>\n\n\n\n<div class=\"wp-block-columns is-layout-flex wp-container-core-columns-is-layout-28f84493 wp-block-columns-is-layout-flex\">\n<div class=\"wp-block-column is-vertically-aligned-center is-layout-flow wp-block-column-is-layout-flow\" style=\"flex-basis:66.66%\">\n<p class=\"has-system-sans-serif-font-family\">Gegen Ende der Veranstaltung dankte Frau Leese, die Leiterin des Hauses und Gesch\u00e4ftsf\u00fchrerin der Balance gGmbH, allen Mitarbeiter_innen f\u00fcr die geleistete, aufopferungsvolle Arbeit, die uns nicht selten \u00fcber unsere Grenzen hinaus fordert, aber eben auch ermutigt.<\/p>\n<\/div>\n\n\n\n<div class=\"wp-block-column is-layout-flow wp-block-column-is-layout-flow\" style=\"flex-basis:33.33%\">\n<figure class=\"wp-block-image size-full\"><img loading=\"lazy\" decoding=\"async\" width=\"400\" height=\"400\" src=\"https:\/\/25x3.de\/b-03\/News\/wp-content\/uploads\/2025\/02\/balance-eltern-400-400x.jpg\" alt=\"text4\" class=\"wp-image-104\" srcset=\"https:\/\/balance-seilershof.de\/News\/wp-content\/uploads\/2025\/02\/balance-eltern-400-400x.jpg 400w, https:\/\/balance-seilershof.de\/News\/wp-content\/uploads\/2025\/02\/balance-eltern-400-400x-300x300.jpg 300w, https:\/\/balance-seilershof.de\/News\/wp-content\/uploads\/2025\/02\/balance-eltern-400-400x-150x150.jpg 150w\" sizes=\"auto, (max-width: 400px) 100vw, 400px\" \/><\/figure>\n<\/div>\n<\/div>\n<\/div>\n<\/div>\n<\/div>\n\n\n\n<div class=\"wp-block-columns are-vertically-aligned-center is-layout-flex wp-container-core-columns-is-layout-28f84493 wp-block-columns-is-layout-flex\">\n<div class=\"wp-block-column is-vertically-aligned-center is-layout-flow wp-block-column-is-layout-flow\">\n<div class=\"wp-block-buttons is-content-justification-center is-layout-flex wp-container-core-buttons-is-layout-a89b3969 wp-block-buttons-is-layout-flex\">\n<div class=\"wp-block-button is-style-outline is-style-outline--1\"><a class=\"wp-block-button__link has-custom-color-1-color has-base-2-background-color has-text-color has-background has-link-color wp-element-button\" href=\"\/News\/#news_start\" style=\"border-top-color:var(--wp--preset--color--custom-color-2);border-top-width:2px;border-right-color:var(--wp--preset--color--custom-color-1);border-right-width:2px;border-bottom-color:var(--wp--preset--color--custom-color-1);border-bottom-width:2px;border-left-color:var(--wp--preset--color--custom-color-2);border-left-width:2px\">Zur\u00fcck<\/a><\/div>\n<\/div>\n<\/div>\n<\/div>\n","protected":false},"excerpt":{"rendered":"<p>Wie in jedem Jahr nahmen neben vielen Mitarbeiter_innen unserer Einrichtung auch Eltern der Jugendlichen, deren Zeit in unserer Einrichtung mit der Zeugnis\u00fcbergabe zu Ende geht, an der Veranstaltung teil. Es gab viele ber\u00fchrende Situationen, Tr\u00e4nen auch. Es wurde gemeinsam zur\u00fcckgeschaut, ermutigt und gedankt. Vor allem die uns nach langer Zeit verlassenden jungen Menschen lie\u00dfen noch [&hellip;]<\/p>\n","protected":false},"author":1,"featured_media":0,"parent":0,"menu_order":0,"comment_status":"closed","ping_status":"closed","template":"","meta":{"footnotes":""},"class_list":["post-96","page","type-page","status-publish","hentry"],"_links":{"self":[{"href":"https:\/\/balance-seilershof.de\/News\/wp-json\/wp\/v2\/pages\/96","targetHints":{"allow":["GET"]}}],"collection":[{"href":"https:\/\/balance-seilershof.de\/News\/wp-json\/wp\/v2\/pages"}],"about":[{"href":"https:\/\/balance-seilershof.de\/News\/wp-json\/wp\/v2\/types\/page"}],"author":[{"embeddable":true,"href":"https:\/\/balance-seilershof.de\/News\/wp-json\/wp\/v2\/users\/1"}],"replies":[{"embeddable":true,"href":"https:\/\/balance-seilershof.de\/News\/wp-json\/wp\/v2\/comments?post=96"}],"version-history":[{"count":19,"href":"https:\/\/balance-seilershof.de\/News\/wp-json\/wp\/v2\/pages\/96\/revisions"}],"predecessor-version":[{"id":516,"href":"https:\/\/balance-seilershof.de\/News\/wp-json\/wp\/v2\/pages\/96\/revisions\/516"}],"wp:attachment":[{"href":"https:\/\/balance-seilershof.de\/News\/wp-json\/wp\/v2\/media?parent=96"}],"curies":[{"name":"wp","href":"https:\/\/api.w.org\/{rel}","templated":true}]}}